{"id":20,"date":"2024-12-12T14:24:27","date_gmt":"2024-12-12T06:24:27","guid":{"rendered":"http:\/\/www.sheanpak.com\/?page_id=20"},"modified":"2025-03-03T10:17:02","modified_gmt":"2025-03-03T02:17:02","slug":"oem-fill","status":"publish","type":"page","link":"https:\/\/www.sheanpak.com\/vi\/oem-fill\/","title":{"rendered":"OEM \u0111i\u1ec1n"},"content":{"rendered":"<div data-elementor-type=\"wp-page\" data-elementor-id=\"20\" class=\"elementor elementor-20\" data-elementor-post-type=\"page\">\n\t\t\t\t\t\t<section class=\"elementor-section elementor-top-section elementor-element elementor-element-8b0f2f7 elementor-section-height-min-height elementor-section-boxed elementor-section-height-default elementor-section-items-middle\" data-id=\"8b0f2f7\" data-element_type=\"section\" data-settings=\"{&quot;background_background&quot;:&quot;classic&quot;}\">\n\t\t\t\t\t\t\t<div class=\"elementor-background-overlay\"><\/div>\n\t\t\t\t\t\t\t<div class=\"elementor-container elementor-column-gap-no\">\n\t\t\t\t\t<div class=\"elementor-column elementor-col-100 elementor-top-column elementor-element elementor-element-e0e0074\" data-id=\"e0e0074\" data-element_type=\"column\">\n\t\t\t<div class=\"elementor-widget-wrap elementor-element-populated\">\n\t\t\t\t\t\t<div class=\"elementor-element elementor-element-98e223e elementor-widget elementor-widget-heading\" data-id=\"98e223e\" data-element_type=\"widget\" data-widget_type=\"heading.default\">\n\t\t\t\t<div class=\"elementor-widget-container\">\n\t\t\t\t\t<h1 class=\"elementor-heading-title elementor-size-default\">OEM \u0111i\u1ec1n<\/h1>\t\t\t\t<\/div>\n\t\t\t\t<\/div>\n\t\t\t\t\t<\/div>\n\t\t<\/div>\n\t\t\t\t\t<\/div>\n\t\t<\/section>\n\t\t\t\t<section class=\"elementor-section elementor-top-section elementor-element elementor-element-ad84c7b elementor-section-boxed elementor-section-height-default elementor-section-height-default\" data-id=\"ad84c7b\" data-element_type=\"section\" data-settings=\"{&quot;background_background&quot;:&quot;classic&quot;}\">\n\t\t\t\t\t\t\t<div class=\"elementor-background-overlay\"><\/div>\n\t\t\t\t\t\t\t<div class=\"elementor-container elementor-column-gap-no\">\n\t\t\t\t\t<div class=\"elementor-column elementor-col-100 elementor-top-column elementor-element elementor-element-53875e5\" data-id=\"53875e5\" data-element_type=\"column\">\n\t\t\t<div class=\"elementor-widget-wrap elementor-element-populated\">\n\t\t\t\t\t\t<div class=\"elementor-element elementor-element-2fb55da elementor-icon-list--layout-inline elementor-align-left elementor-list-item-link-full_width elementor-widget elementor-widget-icon-list\" data-id=\"2fb55da\" data-element_type=\"widget\" data-widget_type=\"icon-list.default\">\n\t\t\t\t<div class=\"elementor-widget-container\">\n\t\t\t\t\t\t\t<ul class=\"elementor-icon-list-items elementor-inline-items\">\n\t\t\t\t\t\t\t<li class=\"elementor-icon-list-item elementor-inline-item\">\n\t\t\t\t\t\t\t\t\t\t\t<a href=\"https:\/\/www.sheanpak.com\/vi\">\n\n\t\t\t\t\t\t\t\t\t\t\t<span class=\"elementor-icon-list-text\">Trang ch\u1ee7<\/span>\n\t\t\t\t\t\t\t\t\t\t\t<\/a>\n\t\t\t\t\t\t\t\t\t<\/li>\n\t\t\t\t\t\t\t\t<li class=\"elementor-icon-list-item elementor-inline-item\">\n\t\t\t\t\t\t\t\t\t\t\t<a href=\"https:\/\/www.sheanpak.com\/vi\/oem-fill\/\">\n\n\t\t\t\t\t\t\t\t\t\t\t\t<span class=\"elementor-icon-list-icon\">\n\t\t\t\t\t\t\t<svg aria-hidden=\"true\" class=\"e-font-icon-svg e-fas-chevron-right\" viewbox=\"0 0 320 512\" xmlns=\"http:\/\/www.w3.org\/2000\/svg\"><path d=\"M285.476 272.971L91.132 467.314c-9.373 9.373-24.569 9.373-33.941 0l-22.667-22.667c-9.357-9.357-9.375-24.522-.04-33.901L188.505 256 34.484 101.255c-9.335-9.379-9.317-24.544.04-33.901l22.667-22.667c9.373-9.373 24.569-9.373 33.941 0L285.475 239.03c9.373 9.372 9.373 24.568.001 33.941z\"><\/path><\/svg>\t\t\t\t\t\t<\/span>\n\t\t\t\t\t\t\t\t\t\t<span class=\"elementor-icon-list-text\">OEM \u0111i\u1ec1n<\/span>\n\t\t\t\t\t\t\t\t\t\t\t<\/a>\n\t\t\t\t\t\t\t\t\t<\/li>\n\t\t\t\t\t\t<\/ul>\n\t\t\t\t\t\t<\/div>\n\t\t\t\t<\/div>\n\t\t\t\t\t<\/div>\n\t\t<\/div>\n\t\t\t\t\t<\/div>\n\t\t<\/section>\n\t\t\t\t<section class=\"elementor-section elementor-top-section elementor-element elementor-element-898cc07 elementor-section-boxed elementor-section-height-default elementor-section-height-default\" data-id=\"898cc07\" data-element_type=\"section\" data-settings=\"{&quot;background_background&quot;:&quot;classic&quot;}\">\n\t\t\t\t\t\t<div class=\"elementor-container elementor-column-gap-no\">\n\t\t\t\t\t<div class=\"elementor-column elementor-col-100 elementor-top-column elementor-element elementor-element-d97236b\" data-id=\"d97236b\" data-element_type=\"column\">\n\t\t\t<div class=\"elementor-widget-wrap elementor-element-populated\">\n\t\t\t\t\t\t<section class=\"elementor-section elementor-inner-section elementor-element elementor-element-5c17c01 elementor-section-full_width elementor-section-height-default elementor-section-height-default\" data-id=\"5c17c01\" data-element_type=\"section\">\n\t\t\t\t\t\t<div class=\"elementor-container elementor-column-gap-no\">\n\t\t\t\t\t<div class=\"elementor-column elementor-col-100 elementor-inner-column elementor-element elementor-element-e2409cc\" data-id=\"e2409cc\" data-element_type=\"column\" data-settings=\"{&quot;animation&quot;:&quot;none&quot;}\">\n\t\t\t<div class=\"elementor-widget-wrap elementor-element-populated\">\n\t\t\t\t\t\t<div class=\"elementor-element elementor-element-2af2972 elementor-widget elementor-widget-heading\" data-id=\"2af2972\" data-element_type=\"widget\" data-widget_type=\"heading.default\">\n\t\t\t\t<div class=\"elementor-widget-container\">\n\t\t\t\t\t<h2 class=\"elementor-heading-title elementor-size-default\">T\u00ecm hi\u1ec3u th\u00eam v\u1ec1 OEM Fill c\u1ee7a ch\u00fang t\u00f4i<\/h2>\t\t\t\t<\/div>\n\t\t\t\t<\/div>\n\t\t\t\t<div class=\"elementor-element elementor-element-e6e2ac5 elementor-widget elementor-widget-text-editor\" data-id=\"e6e2ac5\" data-element_type=\"widget\" data-widget_type=\"text-editor.default\">\n\t\t\t\t<div class=\"elementor-widget-container\">\n\t\t\t\t\t\t\t\t\t<div class=\"tp-teaser__description\"><p>OEM Fill l\u00e0 m\u1ed9t ch\u1ee9c n\u0103ng quan tr\u1ecdng \u0111\u00f3ng vai tr\u00f2 quan tr\u1ecdng trong s\u1ea3n xu\u1ea5t s\u1ea3n ph\u1ea9m. N\u00f3 cho ph\u00e9p \u0111i\u1ec1n ch\u00ednh x\u00e1c v\u00e0 ch\u00ednh x\u00e1c c\u00e1c ch\u1ea5t kh\u00e1c nhau, cho d\u00f9 l\u00e0 ch\u1ea5t l\u1ecfng, gel ho\u1eb7c b\u1ed9t, v\u00e0o c\u00e1c lo\u1ea1i ch\u1ee9a kh\u00e1c nhau v\u1edbi t\u00ednh nh\u1ea5t qu\u00e1n cao. N\u00f3 cung c\u1ea5p m\u1ee9c \u0111\u1ed9 t\u00f9y ch\u1ec9nh cao, cho ph\u00e9p \u0111i\u1ec1u ch\u1ec9nh \u0111\u1ec3 ph\u00f9 h\u1ee3p v\u1edbi c\u00e1c y\u00eau c\u1ea7u s\u1ea3n ph\u1ea9m c\u1ee5 th\u1ec3 nh\u01b0 \u0111\u1ed9 nh\u1edbt v\u00e0 thi\u1ebft k\u1ebf bao b\u00ec. V\u1edbi s\u1ef1 t\u1eadp trung v\u00e0o v\u1ec7 sinh v\u00e0 ch\u1ea5t l\u01b0\u1ee3ng, n\u00f3 \u0111\u1ea3m b\u1ea3o qu\u00e1 tr\u00ecnh l\u00e0m \u0111\u1ea7y \u0111\u01b0\u1ee3c th\u1ef1c hi\u1ec7n trong m\u1ed9t m\u00f4i tr\u01b0\u1eddng s\u1ea1ch s\u1ebd v\u00e0 v\u00f4 tr\u00f9ng \u0111\u1ec3 b\u1ea3o v\u1ec7 t\u00ednh to\u00e0n v\u1eb9n c\u1ee7a s\u1ea3n ph\u1ea9m. H\u01a1n n\u1eefa, t\u00ednh linh ho\u1ea1t c\u1ee7a n\u00f3 l\u00e0m cho n\u00f3 t\u01b0\u01a1ng th\u00edch v\u1edbi m\u1ed9t lo\u1ea1t c\u00e1c v\u1eadt li\u1ec7u \u0111\u00f3ng g\u00f3i v\u00e0 thi\u1ebft l\u1eadp d\u00e2y chuy\u1ec1n s\u1ea3n xu\u1ea5t, do \u0111\u00f3 trao quy\u1ec1n cho c\u00e1c doanh nghi\u1ec7p s\u1ea3n xu\u1ea5t hi\u1ec7u qu\u1ea3 c\u00e1c s\u1ea3n ph\u1ea9m \u0111\u1ea7y \u0111\u1ee7 \u0111\u00e1p \u1ee9ng nhu c\u1ea7u OEM \u0111\u1ed9c \u0111\u00e1o c\u1ee7a h\u1ecd v\u00e0 cu\u1ed1i c\u00f9ng cung c\u1ea5p c\u00e1c d\u1ecbch v\u1ee5 h\u00e0ng \u0111\u1ea7u cho th\u1ecb tr\u01b0\u1eddng.<\/p><\/div>\t\t\t\t\t\t\t\t<\/div>\n\t\t\t\t<\/div>\n\t\t\t\t\t<\/div>\n\t\t<\/div>\n\t\t\t\t\t<\/div>\n\t\t<\/section>\n\t\t\t\t\t<\/div>\n\t\t<\/div>\n\t\t\t\t\t<\/div>\n\t\t<\/section>\n\t\t\t\t<section class=\"elementor-section elementor-top-section elementor-element elementor-element-8d4767c elementor-section-boxed elementor-section-height-default elementor-section-height-default\" data-id=\"8d4767c\" data-element_type=\"section\" data-settings=\"{&quot;background_background&quot;:&quot;classic&quot;}\">\n\t\t\t\t\t\t<div class=\"elementor-container elementor-column-gap-no\">\n\t\t\t\t\t<div class=\"elementor-column elementor-col-50 elementor-top-column elementor-element elementor-element-0a160b5\" data-id=\"0a160b5\" data-element_type=\"column\" data-settings=\"{&quot;background_background&quot;:&quot;classic&quot;}\">\n\t\t\t<div class=\"elementor-widget-wrap elementor-element-populated\">\n\t\t\t\t\t\t<section class=\"elementor-section elementor-inner-section elementor-element elementor-element-40fce58 elementor-section-full_width elementor-section-height-min-height elementor-section-height-default\" data-id=\"40fce58\" data-element_type=\"section\" data-settings=\"{&quot;background_background&quot;:&quot;classic&quot;}\">\n\t\t\t\t\t\t\t<div class=\"elementor-background-overlay\"><\/div>\n\t\t\t\t\t\t\t<div class=\"elementor-container elementor-column-gap-no\">\n\t\t\t\t\t<div class=\"elementor-column elementor-col-100 elementor-inner-column elementor-element elementor-element-8c54278 elementor-invisible\" data-id=\"8c54278\" data-element_type=\"column\" data-settings=\"{&quot;animation&quot;:&quot;fadeInLeft&quot;,&quot;background_background&quot;:&quot;classic&quot;}\">\n\t\t\t<div class=\"elementor-widget-wrap\">\n\t\t\t\t\t\t\t<\/div>\n\t\t<\/div>\n\t\t\t\t\t<\/div>\n\t\t<\/section>\n\t\t\t\t\t<\/div>\n\t\t<\/div>\n\t\t\t\t<div class=\"elementor-column elementor-col-50 elementor-top-column elementor-element elementor-element-67c15b5\" data-id=\"67c15b5\" data-element_type=\"column\" data-settings=\"{&quot;background_background&quot;:&quot;classic&quot;}\">\n\t\t\t<div class=\"elementor-widget-wrap elementor-element-populated\">\n\t\t\t\t\t\t<section class=\"elementor-section elementor-inner-section elementor-element elementor-element-4876334 elementor-section-full_width elementor-section-height-min-height elementor-section-height-default\" data-id=\"4876334\" data-element_type=\"section\" data-settings=\"{&quot;background_background&quot;:&quot;classic&quot;}\">\n\t\t\t\t\t\t<div class=\"elementor-container elementor-column-gap-no\">\n\t\t\t\t\t<div class=\"elementor-column elementor-col-100 elementor-inner-column elementor-element elementor-element-573a8af elementor-invisible\" data-id=\"573a8af\" data-element_type=\"column\" data-settings=\"{&quot;animation&quot;:&quot;fadeInLeft&quot;,&quot;background_background&quot;:&quot;classic&quot;}\">\n\t\t\t<div class=\"elementor-widget-wrap\">\n\t\t\t\t\t\t\t<\/div>\n\t\t<\/div>\n\t\t\t\t\t<\/div>\n\t\t<\/section>\n\t\t\t\t<section class=\"elementor-section elementor-inner-section elementor-element elementor-element-a8a6a96 elementor-section-full_width elementor-section-height-min-height elementor-section-height-default\" data-id=\"a8a6a96\" data-element_type=\"section\" data-settings=\"{&quot;background_background&quot;:&quot;classic&quot;}\">\n\t\t\t\t\t\t<div class=\"elementor-container elementor-column-gap-no\">\n\t\t\t\t\t<div class=\"elementor-column elementor-col-100 elementor-inner-column elementor-element elementor-element-2c957da elementor-invisible\" data-id=\"2c957da\" data-element_type=\"column\" data-settings=\"{&quot;animation&quot;:&quot;fadeInLeft&quot;,&quot;background_background&quot;:&quot;classic&quot;}\">\n\t\t\t<div class=\"elementor-widget-wrap\">\n\t\t\t\t\t\t\t<\/div>\n\t\t<\/div>\n\t\t\t\t\t<\/div>\n\t\t<\/section>\n\t\t\t\t\t<\/div>\n\t\t<\/div>\n\t\t\t\t\t<\/div>\n\t\t<\/section>\n\t\t\t\t<section class=\"elementor-section elementor-top-section elementor-element elementor-element-e5afbb6 elementor-section-boxed elementor-section-height-default elementor-section-height-default\" data-id=\"e5afbb6\" data-element_type=\"section\" data-settings=\"{&quot;background_background&quot;:&quot;classic&quot;}\">\n\t\t\t\t\t\t<div class=\"elementor-container elementor-column-gap-no\">\n\t\t\t\t\t<div class=\"elementor-column elementor-col-100 elementor-top-column elementor-element elementor-element-3fe9983\" data-id=\"3fe9983\" data-element_type=\"column\">\n\t\t\t<div class=\"elementor-widget-wrap elementor-element-populated\">\n\t\t\t\t\t\t<section class=\"elementor-section elementor-inner-section elementor-element elementor-element-21d71df elementor-section-full_width elementor-section-height-default elementor-section-height-default\" data-id=\"21d71df\" data-element_type=\"section\" data-settings=\"{&quot;background_background&quot;:&quot;classic&quot;}\">\n\t\t\t\t\t\t<div class=\"elementor-container elementor-column-gap-no\">\n\t\t\t\t\t<div class=\"elementor-column elementor-col-50 elementor-inner-column elementor-element elementor-element-46ff0eb\" data-id=\"46ff0eb\" data-element_type=\"column\" data-settings=\"{&quot;animation&quot;:&quot;none&quot;}\">\n\t\t\t<div class=\"elementor-widget-wrap elementor-element-populated\">\n\t\t\t\t\t\t<div class=\"elementor-element elementor-element-79c8a63 elementor-widget elementor-widget-heading\" data-id=\"79c8a63\" data-element_type=\"widget\" data-widget_type=\"heading.default\">\n\t\t\t\t<div class=\"elementor-widget-container\">\n\t\t\t\t\t<h2 class=\"elementor-heading-title elementor-size-default\">Gi\u1edbi thi\u1ec7u h\u1ed9i th\u1ea3o<\/h2>\t\t\t\t<\/div>\n\t\t\t\t<\/div>\n\t\t\t\t<div class=\"elementor-element elementor-element-a965232 elementor-widget elementor-widget-text-editor\" data-id=\"a965232\" data-element_type=\"widget\" data-widget_type=\"text-editor.default\">\n\t\t\t\t<div class=\"elementor-widget-container\">\n\t\t\t\t\t\t\t\t\t<p>C\u00f4ng su\u1ea5t s\u1ea3n xu\u1ea5t c\u1ee7a nh\u00e0 m\u00e1y ch\u1ebf bi\u1ebfn l\u00e0 3 t\u1ea5n \/ gi\u1edd, v\u00e0 t\u1ea5t c\u1ea3 c\u00e1c thi\u1ebft b\u1ecb \u0111\u01b0\u1ee3c t\u1ef1 s\u1ea3n xu\u1ea5t. Thi\u1ebft b\u1ecb x\u1eed l\u00fd tr\u01b0\u1edbc nh\u1eb1m ch\u1ebf bi\u1ebfn v\u00e0 s\u1ea3n xu\u1ea5t c\u00e1c s\u1ea3n ph\u1ea9m cao c\u1ea5p nh\u01b0 s\u1eefa tinh khi\u1ebft, s\u1eefa chua, y\u1ebfn m\u1ea1ch, b\u00f9n, s\u1eefa d\u1eeba, v.v. C\u00f4ng su\u1ea5t \u0111\u00f3ng g\u00f3i c\u00f3 th\u1ec3 \u0111\u01b0\u1ee3c x\u1eed l\u00fd: 125ml, 200ml, 250ml, 330ml, 1000ml. Ch\u00fang t\u00f4i c\u00f3 th\u1ec3 th\u1ef1c hi\u1ec7n c\u00e1c doanh nghi\u1ec7p x\u1eed l\u00fd kh\u00e1c nhau.<\/p>\t\t\t\t\t\t\t\t<\/div>\n\t\t\t\t<\/div>\n\t\t\t\t\t<\/div>\n\t\t<\/div>\n\t\t\t\t<div class=\"elementor-column elementor-col-50 elementor-inner-column elementor-element elementor-element-2974f60\" data-id=\"2974f60\" data-element_type=\"column\" data-settings=\"{&quot;animation&quot;:&quot;none&quot;}\">\n\t\t\t<div class=\"elementor-widget-wrap elementor-element-populated\">\n\t\t\t\t\t\t<div class=\"elementor-element elementor-element-b8d3302 elementor-widget elementor-widget-video\" data-id=\"b8d3302\" data-element_type=\"widget\" data-settings=\"{&quot;youtube_url&quot;:&quot;https:\\\/\\\/youtu.be\\\/6xdhuOusod8&quot;,&quot;video_type&quot;:&quot;youtube&quot;,&quot;controls&quot;:&quot;yes&quot;}\" data-widget_type=\"video.default\">\n\t\t\t\t<div class=\"elementor-widget-container\">\n\t\t\t\t\t\t\t<div class=\"elementor-wrapper elementor-open-inline\">\n\t\t\t<div class=\"elementor-video\"><\/div>\t\t<\/div>\n\t\t\t\t\t\t<\/div>\n\t\t\t\t<\/div>\n\t\t\t\t\t<\/div>\n\t\t<\/div>\n\t\t\t\t\t<\/div>\n\t\t<\/section>\n\t\t\t\t\t<\/div>\n\t\t<\/div>\n\t\t\t\t\t<\/div>\n\t\t<\/section>\n\t\t\t\t<\/div>","protected":false},"excerpt":{"rendered":"<p>OEM Fill Home OEM Fill Learn more about our OEM Fill OEM Fill is a vital function that plays a significant role in product manufacturing. It enables precise and accurate filling of various substances, be it liquids, gels, or powders, into different types of containers with high consistency. It offers a high level of customization, [&hellip;]<\/p>","protected":false},"author":1,"featured_media":0,"parent":0,"menu_order":14,"comment_status":"closed","ping_status":"closed","template":"","meta":{"footnotes":""},"class_list":["post-20","page","type-page","status-publish","hentry"],"_links":{"self":[{"href":"https:\/\/www.sheanpak.com\/vi\/wp-json\/wp\/v2\/pages\/20","targetHints":{"allow":["GET"]}}],"collection":[{"href":"https:\/\/www.sheanpak.com\/vi\/wp-json\/wp\/v2\/pages"}],"about":[{"href":"https:\/\/www.sheanpak.com\/vi\/wp-json\/wp\/v2\/types\/page"}],"author":[{"embeddable":true,"href":"https:\/\/www.sheanpak.com\/vi\/wp-json\/wp\/v2\/users\/1"}],"replies":[{"embeddable":true,"href":"https:\/\/www.sheanpak.com\/vi\/wp-json\/wp\/v2\/comments?post=20"}],"version-history":[{"count":73,"href":"https:\/\/www.sheanpak.com\/vi\/wp-json\/wp\/v2\/pages\/20\/revisions"}],"predecessor-version":[{"id":2636,"href":"https:\/\/www.sheanpak.com\/vi\/wp-json\/wp\/v2\/pages\/20\/revisions\/2636"}],"wp:attachment":[{"href":"https:\/\/www.sheanpak.com\/vi\/wp-json\/wp\/v2\/media?parent=20"}],"curies":[{"name":"wp","href":"https:\/\/api.w.org\/{rel}","templated":true}]}}